{"id":19039,"date":"2025-05-07T10:03:29","date_gmt":"2025-05-07T14:03:29","guid":{"rendered":"https:\/\/cursosgdp.serviciosgdp.com\/?page_id=19039"},"modified":"2025-09-10T17:05:48","modified_gmt":"2025-09-10T21:05:48","slug":"contacto","status":"publish","type":"page","link":"https:\/\/cursosgdp.serviciosgdp.com\/en\/contacto\/","title":{"rendered":"Contacto"},"content":{"rendered":"\t\t<div data-elementor-type=\"wp-page\" data-elementor-id=\"19039\" class=\"elementor elementor-19039\" data-elementor-post-type=\"page\">\n\t\t\t\t\t\t<section class=\"elementor-section elementor-top-section elementor-element elementor-element-75d71242 elementor-section-height-full elementor-section-content-middle elementor-section-boxed elementor-section-height-default elementor-section-items-middle\" data-id=\"75d71242\" data-element_type=\"section\" data-e-type=\"section\" data-settings=\"{&quot;background_background&quot;:&quot;classic&quot;}\">\n\t\t\t\t\t\t<div class=\"elementor-container elementor-column-gap-default\">\n\t\t\t\t\t<div class=\"elementor-column elementor-col-100 elementor-top-column elementor-element elementor-element-4ee70279\" data-id=\"4ee70279\" data-element_type=\"column\" data-e-type=\"column\">\n\t\t\t<div class=\"elementor-widget-wrap elementor-element-populated\">\n\t\t\t\t\t\t<div class=\"elementor-element elementor-element-12c85eb0 elementor-widget elementor-widget-heading\" data-id=\"12c85eb0\" data-element_type=\"widget\" data-e-type=\"widget\" data-widget_type=\"heading.default\">\n\t\t\t\t<div class=\"elementor-widget-container\">\n\t\t\t\t\t<h2 class=\"elementor-heading-title elementor-size-default\">Cont\u00e1ctanos<\/h2>\t\t\t\t<\/div>\n\t\t\t\t<\/div>\n\t\t\t\t<div class=\"elementor-element elementor-element-59842d65 elementor-widget elementor-widget-text-editor\" data-id=\"59842d65\" data-element_type=\"widget\" data-e-type=\"widget\" data-widget_type=\"text-editor.default\">\n\t\t\t\t<div class=\"elementor-widget-container\">\n\t\t\t\t\t<div class=\"bb-theme-elementor-wrap bb-elementor-custom-color bb-elementor-custom-family bb-elementor-custom-size\">\t\t\t\t<p>Nos gustar\u00eda conocer todas tus<br \/>dudas, te ayudaremos en tu<br \/>formaci\u00f3n continua.<\/p>\t\t\t\t<\/div>\t\t\t\t<\/div>\n\t\t\t\t<\/div>\n\t\t\t\t\t<\/div>\n\t\t<\/div>\n\t\t\t\t\t<\/div>\n\t\t<\/section>\n\t\t\t\t<section class=\"elementor-section elementor-top-section elementor-element elementor-element-c229f7d elementor-section-boxed elementor-section-height-default elementor-section-height-default\" data-id=\"c229f7d\" data-element_type=\"section\" data-e-type=\"section\">\n\t\t\t\t\t\t<div class=\"elementor-container elementor-column-gap-default\">\n\t\t\t\t\t<div class=\"elementor-column elementor-col-100 elementor-top-column elementor-element elementor-element-23927fb\" data-id=\"23927fb\" data-element_type=\"column\" data-e-type=\"column\">\n\t\t\t<div class=\"elementor-widget-wrap elementor-element-populated\">\n\t\t\t\t\t\t<div class=\"elementor-element elementor-element-5c041acc elementor-widget elementor-widget-heading\" data-id=\"5c041acc\" data-element_type=\"widget\" data-e-type=\"widget\" data-widget_type=\"heading.default\">\n\t\t\t\t<div class=\"elementor-widget-container\">\n\t\t\t\t\t<h4 class=\"elementor-heading-title elementor-size-default\">Env\u00edanos un mensaje<\/h4>\t\t\t\t<\/div>\n\t\t\t\t<\/div>\n\t\t\t\t<div class=\"elementor-element elementor-element-59959ceb elementor-widget elementor-widget-text-editor\" data-id=\"59959ceb\" data-element_type=\"widget\" data-e-type=\"widget\" data-widget_type=\"text-editor.default\">\n\t\t\t\t<div class=\"elementor-widget-container\">\n\t\t\t\t\t<div class=\"bb-theme-elementor-wrap bb-elementor-custom-color bb-elementor-custom-family\">\t\t\t\tDeja tu consulta o comentario y<br>\nrecibe atenci\u00f3n de nuestro equipo\t\t\t\t<\/div>\t\t\t\t<\/div>\n\t\t\t\t<\/div>\n\t\t\t\t\t<\/div>\n\t\t<\/div>\n\t\t\t\t\t<\/div>\n\t\t<\/section>\n\t\t\t\t<section class=\"elementor-section elementor-top-section elementor-element elementor-element-270e6f62 elementor-section-boxed elementor-section-height-default elementor-section-height-default\" data-id=\"270e6f62\" data-element_type=\"section\" data-e-type=\"section\">\n\t\t\t\t\t\t<div class=\"elementor-container elementor-column-gap-default\">\n\t\t\t\t\t<div class=\"elementor-column elementor-col-100 elementor-top-column elementor-element elementor-element-cbd06de\" data-id=\"cbd06de\" data-element_type=\"column\" data-e-type=\"column\">\n\t\t\t<div class=\"elementor-widget-wrap elementor-element-populated\">\n\t\t\t\t\t\t<div class=\"elementor-element elementor-element-1ffba315 elementor-button-align-center elementor-widget elementor-widget-form\" data-id=\"1ffba315\" data-element_type=\"widget\" data-e-type=\"widget\" data-settings=\"{&quot;step_next_label&quot;:&quot;Siguiente&quot;,&quot;step_previous_label&quot;:&quot;Anterior&quot;,&quot;button_width&quot;:&quot;100&quot;,&quot;step_type&quot;:&quot;number_text&quot;,&quot;step_icon_shape&quot;:&quot;circle&quot;}\" data-widget_type=\"form.default\">\n\t\t\t\t<div class=\"elementor-widget-container\">\n\t\t\t\t\t\t\t<form class=\"elementor-form\" method=\"post\" name=\"Contacto\" aria-label=\"Contacto\">\n\t\t\t<input type=\"hidden\" name=\"post_id\" value=\"19039\"\/>\n\t\t\t<input type=\"hidden\" name=\"form_id\" value=\"1ffba315\"\/>\n\t\t\t<input type=\"hidden\" name=\"referer_title\" value=\"Contacto\" \/>\n\n\t\t\t\t\t\t\t<input type=\"hidden\" name=\"queried_id\" value=\"19039\"\/>\n\t\t\t\n\t\t\t<div class=\"elementor-form-fields-wrapper elementor-labels-above\">\n\t\t\t\t\t\t\t\t<div class=\"elementor-field-type-text elementor-field-group elementor-column elementor-field-group-name elementor-col-100 elementor-field-required elementor-mark-required\">\n\t\t\t\t\t\t\t\t\t\t\t\t<label for=\"form-field-name\" class=\"elementor-field-label\">\n\t\t\t\t\t\t\t\tNombre y Apellido\t\t\t\t\t\t\t<\/label>\n\t\t\t\t\t\t\t\t\t\t\t\t\t\t<input size=\"1\" type=\"text\" name=\"form_fields[name]\" id=\"form-field-name\" class=\"elementor-field elementor-size-xs  elementor-field-textual\" required=\"required\">\n\t\t\t\t\t\t\t\t\t\t\t<\/div>\n\t\t\t\t\t\t\t\t<div class=\"elementor-field-type-email elementor-field-group elementor-column elementor-field-group-email elementor-col-100 elementor-field-required elementor-mark-required\">\n\t\t\t\t\t\t\t\t\t\t\t\t<label for=\"form-field-email\" class=\"elementor-field-label\">\n\t\t\t\t\t\t\t\tEmail\t\t\t\t\t\t\t<\/label>\n\t\t\t\t\t\t\t\t\t\t\t\t\t\t<input size=\"1\" type=\"email\" name=\"form_fields[email]\" id=\"form-field-email\" class=\"elementor-field elementor-size-xs  elementor-field-textual\" required=\"required\">\n\t\t\t\t\t\t\t\t\t\t\t<\/div>\n\t\t\t\t\t\t\t\t<div class=\"elementor-field-type-text elementor-field-group elementor-column elementor-field-group-field_1487588 elementor-col-100 elementor-field-required elementor-mark-required\">\n\t\t\t\t\t\t\t\t\t\t\t\t<label for=\"form-field-field_1487588\" class=\"elementor-field-label\">\n\t\t\t\t\t\t\t\tPa\u00eds de residencia\t\t\t\t\t\t\t<\/label>\n\t\t\t\t\t\t\t\t\t\t\t\t\t\t<input size=\"1\" type=\"text\" name=\"form_fields[field_1487588]\" id=\"form-field-field_1487588\" class=\"elementor-field elementor-size-xs  elementor-field-textual\" required=\"required\">\n\t\t\t\t\t\t\t\t\t\t\t<\/div>\n\t\t\t\t\t\t\t\t<div class=\"elementor-field-type-text elementor-field-group elementor-column elementor-field-group-field_7f8091d elementor-col-100 elementor-field-required elementor-mark-required\">\n\t\t\t\t\t\t\t\t\t\t\t\t<label for=\"form-field-field_7f8091d\" class=\"elementor-field-label\">\n\t\t\t\t\t\t\t\tTema\t\t\t\t\t\t\t<\/label>\n\t\t\t\t\t\t\t\t\t\t\t\t\t\t<input size=\"1\" type=\"text\" name=\"form_fields[field_7f8091d]\" id=\"form-field-field_7f8091d\" class=\"elementor-field elementor-size-xs  elementor-field-textual\" placeholder=\"\u00bfAlg\u00fan tema de tu inter\u00e9s?\" required=\"required\">\n\t\t\t\t\t\t\t\t\t\t\t<\/div>\n\t\t\t\t\t\t\t\t<div class=\"elementor-field-type-textarea elementor-field-group elementor-column elementor-field-group-message elementor-col-100\">\n\t\t\t\t\t\t\t\t\t\t\t\t<label for=\"form-field-message\" class=\"elementor-field-label\">\n\t\t\t\t\t\t\t\tSu mensaje\t\t\t\t\t\t\t<\/label>\n\t\t\t\t\t\t<textarea class=\"elementor-field-textual elementor-field  elementor-size-xs\" name=\"form_fields[message]\" id=\"form-field-message\" rows=\"4\" placeholder=\"Si quieres nos ampl\u00edas tu necesidad de capacitaci\u00f3n\"><\/textarea>\t\t\t\t<\/div>\n\t\t\t\t\t\t\t\t<div class=\"elementor-field-type-select elementor-field-group elementor-column elementor-field-group-field_d56a1e5 elementor-col-100 elementor-field-required elementor-mark-required\">\n\t\t\t\t\t\t\t\t\t\t\t\t<label for=\"form-field-field_d56a1e5\" class=\"elementor-field-label\">\n\t\t\t\t\t\t\t\tIndique la v\u00eda por donde se enter\u00f3 de nosotros\t\t\t\t\t\t\t<\/label>\n\t\t\t\t\t\t\t\t<div class=\"elementor-field elementor-select-wrapper remove-before \">\n\t\t\t<div class=\"select-caret-down-wrapper\">\n\t\t\t\t<i aria-hidden=\"true\" class=\"eicon-caret-down\"><\/i>\t\t\t<\/div>\n\t\t\t<select name=\"form_fields[field_d56a1e5]\" id=\"form-field-field_d56a1e5\" class=\"elementor-field-textual elementor-size-xs\" required=\"required\">\n\t\t\t\t\t\t\t\t\t<option value=\"Seleccionando cualquiera de las opciones\">Seleccionando cualquiera de las opciones<\/option>\n\t\t\t\t\t\t\t\t\t<option value=\"Google\">Google<\/option>\n\t\t\t\t\t\t\t\t\t<option value=\"Linkedin\">Linkedin<\/option>\n\t\t\t\t\t\t\t\t\t<option value=\"Instagram\">Instagram<\/option>\n\t\t\t\t\t\t\t\t\t<option value=\"Facebook\">Facebook<\/option>\n\t\t\t\t\t\t\t\t\t<option value=\"Otro\">Otro<\/option>\n\t\t\t\t\t\t\t<\/select>\n\t\t<\/div>\n\t\t\t\t\t\t<\/div>\n\t\t\t\t\t\t\t\t<div class=\"elementor-field-group elementor-column elementor-field-type-submit elementor-col-100 e-form__buttons\">\n\t\t\t\t\t<button class=\"elementor-button elementor-size-sm\" type=\"submit\">\n\t\t\t\t\t\t<span class=\"elementor-button-content-wrapper\">\n\t\t\t\t\t\t\t\t\t\t\t\t\t\t\t\t\t\t\t\t\t\t<span class=\"elementor-button-text\">ENVIAR FORMULARIO<\/span>\n\t\t\t\t\t\t\t\t\t\t\t\t\t<\/span>\n\t\t\t\t\t<\/button>\n\t\t\t\t<\/div>\n\t\t\t<\/div>\n\t\t<\/form>\n\t\t\t\t\t\t<\/div>\n\t\t\t\t<\/div>\n\t\t\t\t\t<\/div>\n\t\t<\/div>\n\t\t\t\t\t<\/div>\n\t\t<\/section>\n\t\t\t\t<section class=\"elementor-section elementor-top-section elementor-element elementor-element-36c7744 elementor-section-boxed elementor-section-height-default elementor-section-height-default\" data-id=\"36c7744\" data-element_type=\"section\" data-e-type=\"section\">\n\t\t\t\t\t\t<div class=\"elementor-container elementor-column-gap-default\">\n\t\t\t\t\t<div class=\"elementor-column elementor-col-100 elementor-top-column elementor-element elementor-element-68397f5c\" data-id=\"68397f5c\" data-element_type=\"column\" data-e-type=\"column\">\n\t\t\t<div class=\"elementor-widget-wrap elementor-element-populated\">\n\t\t\t\t\t\t<div class=\"elementor-element elementor-element-183bf716 elementor-widget elementor-widget-heading\" data-id=\"183bf716\" data-element_type=\"widget\" data-e-type=\"widget\" data-widget_type=\"heading.default\">\n\t\t\t\t<div class=\"elementor-widget-container\">\n\t\t\t\t\t<h4 class=\"elementor-heading-title elementor-size-default\">Informaci\u00f3n de Contacto<\/h4>\t\t\t\t<\/div>\n\t\t\t\t<\/div>\n\t\t\t\t<section class=\"elementor-section elementor-inner-section elementor-element elementor-element-5391e6d7 elementor-section-boxed elementor-section-height-default elementor-section-height-default\" data-id=\"5391e6d7\" data-element_type=\"section\" data-e-type=\"section\">\n\t\t\t\t\t\t<div class=\"elementor-container elementor-column-gap-default\">\n\t\t\t\t\t<div class=\"elementor-column elementor-col-50 elementor-inner-column elementor-element elementor-element-e455ed8\" data-id=\"e455ed8\" data-element_type=\"column\" data-e-type=\"column\">\n\t\t\t<div class=\"elementor-widget-wrap elementor-element-populated\">\n\t\t\t\t\t\t<div class=\"elementor-element elementor-element-11d79959 elementor-position-inline-start elementor-view-default elementor-mobile-position-block-start elementor-widget elementor-widget-icon-box\" data-id=\"11d79959\" data-element_type=\"widget\" data-e-type=\"widget\" data-widget_type=\"icon-box.default\">\n\t\t\t\t<div class=\"elementor-widget-container\">\n\t\t\t\t\t\t\t<div class=\"elementor-icon-box-wrapper\">\n\n\t\t\t\t\t\t<div class=\"elementor-icon-box-icon\">\n\t\t\t\t<span  class=\"elementor-icon\">\n\t\t\t\t<svg xmlns=\"http:\/\/www.w3.org\/2000\/svg\" viewBox=\"0 0 45.86 45.86\"><g id=\"Layer_2\" data-name=\"Layer 2\"><g id=\"Layer_1-2\" data-name=\"Layer 1\"><path d=\"M22.91,0A22.93,22.93,0,1,1,0,22.93,22.95,22.95,0,0,1,22.91,0ZM9.62,36.49l.61-.14c2.07-.54,4.13-1.09,6.19-1.6a1.31,1.31,0,0,1,.85.09,14,14,0,0,0,7.32,1.39,13.72,13.72,0,1,0-13.28-7.18,1.22,1.22,0,0,1,.08.8c-.54,2-1.11,4.08-1.66,6.13C9.69,36.12,9.66,36.27,9.62,36.49Z\" style=\"fill:#4b639d\"><\/path><path d=\"M12.88,33.26c.34-1.28.65-2.46,1-3.63a1.2,1.2,0,0,0-.15-1.07,11.31,11.31,0,0,1,2.34-14.69A10.87,10.87,0,0,1,27.65,12a10.78,10.78,0,0,1,7.07,9.22A10.78,10.78,0,0,1,29.81,32a10.92,10.92,0,0,1-11.8.61,2.1,2.1,0,0,0-1.74-.21C15.18,32.7,14.07,33,12.88,33.26Zm14-4.1a6.58,6.58,0,0,0,.72-.05c1.48-.28,2.78-1.18,2.75-2.9a.79.79,0,0,0-.3-.57c-.9-.47-1.83-.9-2.75-1.33a.59.59,0,0,0-.82.24c-.3.41-.64.79-1,1.19a.6.6,0,0,1-.8.18,9.45,9.45,0,0,1-4.62-4,.58.58,0,0,1,.06-.77,6.92,6.92,0,0,0,.76-1,.87.87,0,0,0,.1-.7c-.33-.91-.72-1.81-1.1-2.7a1.05,1.05,0,0,0-.36-.42,2,2,0,0,0-1.85.27,5.35,5.35,0,0,0-.9,1.22,4.09,4.09,0,0,0,.22,3.94,15,15,0,0,0,6,6.14A9.28,9.28,0,0,0,26.9,29.16Z\" style=\"fill:#4b639d\"><\/path><\/g><\/g><\/svg>\t\t\t\t<\/span>\n\t\t\t<\/div>\n\t\t\t\n\t\t\t\t\t\t<div class=\"elementor-icon-box-content\">\n\n\t\t\t\t\t\t\t\t\t<p class=\"elementor-icon-box-title\">\n\t\t\t\t\t\t<span  >\n\t\t\t\t\t\t\tWhatsapp\t\t\t\t\t\t<\/span>\n\t\t\t\t\t<\/p>\n\t\t\t\t\n\t\t\t\t\t\t\t\t\t<p class=\"elementor-icon-box-description\">\n\t\t\t\t\t\t+1 (305) 930 2775\t\t\t\t\t<\/p>\n\t\t\t\t\n\t\t\t<\/div>\n\t\t\t\n\t\t<\/div>\n\t\t\t\t\t\t<\/div>\n\t\t\t\t<\/div>\n\t\t\t\t\t<\/div>\n\t\t<\/div>\n\t\t\t\t<div class=\"elementor-column elementor-col-50 elementor-inner-column elementor-element elementor-element-5619ecf\" data-id=\"5619ecf\" data-element_type=\"column\" data-e-type=\"column\">\n\t\t\t<div class=\"elementor-widget-wrap elementor-element-populated\">\n\t\t\t\t\t\t<div class=\"elementor-element elementor-element-44b8cc2a elementor-position-inline-start elementor-view-default elementor-mobile-position-block-start elementor-widget elementor-widget-icon-box\" data-id=\"44b8cc2a\" data-element_type=\"widget\" data-e-type=\"widget\" data-widget_type=\"icon-box.default\">\n\t\t\t\t<div class=\"elementor-widget-container\">\n\t\t\t\t\t\t\t<div class=\"elementor-icon-box-wrapper\">\n\n\t\t\t\t\t\t<div class=\"elementor-icon-box-icon\">\n\t\t\t\t<span  class=\"elementor-icon\">\n\t\t\t\t<svg xmlns=\"http:\/\/www.w3.org\/2000\/svg\" viewBox=\"0 0 46.48 46.48\"><g id=\"Layer_2\" data-name=\"Layer 2\"><g id=\"Layer_1-2\" data-name=\"Layer 1\"><path d=\"M0,23.21A23.24,23.24,0,1,1,23.2,46.48,23.28,23.28,0,0,1,0,23.21ZM23.22,34H33.86a4.26,4.26,0,0,0,4.55-4.54V17.05a4.25,4.25,0,0,0-4.54-4.54H12.62a4.25,4.25,0,0,0-4.54,4.54q0,6.19,0,12.39A4.25,4.25,0,0,0,12.62,34Z\" style=\"fill:#4b639d\"><\/path><path d=\"M34.53,31.76H11.79l8.78-9c.65.44,1.28.86,1.89,1.3A1.21,1.21,0,0,0,24,24c.62-.44,1.25-.85,1.9-1.3l8.67,8.92Z\" style=\"fill:#4b639d\"><\/path><path d=\"M33.72,14.74l-2,1.4-8.1,5.55c-.19.14-.34.24-.59.07L13,14.91a2.59,2.59,0,0,1-.21-.17Z\" style=\"fill:#4b639d\"><\/path><path d=\"M10.3,30.17c0-.3,0-.47,0-.64q0-6.29,0-12.58a9.81,9.81,0,0,1,.14-1.18l8.34,5.71Z\" style=\"fill:#4b639d\"><\/path><path d=\"M36,15.79a5.26,5.26,0,0,1,.17.91q0,6.53,0,13.06c0,.09,0,.18,0,.4l-8.44-8.68Z\" style=\"fill:#4b639d\"><\/path><\/g><\/g><\/svg>\t\t\t\t<\/span>\n\t\t\t<\/div>\n\t\t\t\n\t\t\t\t\t\t<div class=\"elementor-icon-box-content\">\n\n\t\t\t\t\t\t\t\t\t<p class=\"elementor-icon-box-title\">\n\t\t\t\t\t\t<span  >\n\t\t\t\t\t\t\tEmail\t\t\t\t\t\t<\/span>\n\t\t\t\t\t<\/p>\n\t\t\t\t\n\t\t\t\t\t\t\t\t\t<p class=\"elementor-icon-box-description\">\n\t\t\t\t\t\tinfo.serviciosgdp@serviciosgdp.com\t\t\t\t\t<\/p>\n\t\t\t\t\n\t\t\t<\/div>\n\t\t\t\n\t\t<\/div>\n\t\t\t\t\t\t<\/div>\n\t\t\t\t<\/div>\n\t\t\t\t<div class=\"elementor-element elementor-element-38888068 elementor-position-inline-start elementor-view-default elementor-mobile-position-block-start elementor-widget elementor-widget-icon-box\" data-id=\"38888068\" data-element_type=\"widget\" data-e-type=\"widget\" data-widget_type=\"icon-box.default\">\n\t\t\t\t<div class=\"elementor-widget-container\">\n\t\t\t\t\t\t\t<div class=\"elementor-icon-box-wrapper\">\n\n\t\t\t\t\t\t<div class=\"elementor-icon-box-icon\">\n\t\t\t\t<span  class=\"elementor-icon\">\n\t\t\t\t<svg xmlns=\"http:\/\/www.w3.org\/2000\/svg\" viewBox=\"0 0 46.5 46.49\"><g id=\"Layer_2\" data-name=\"Layer 2\"><g id=\"Layer_1-2\" data-name=\"Layer 1\"><path d=\"M23.24,0A23.25,23.25,0,1,1,0,23.23,23.26,23.26,0,0,1,23.24,0Zm0,29.24a25.19,25.19,0,0,0,6-7.21,8.63,8.63,0,0,0,1.07-5,7.14,7.14,0,1,0-14.11,2.18,11.83,11.83,0,0,0,1.7,4.08A27.71,27.71,0,0,0,23.25,29.24ZM21,30.48l-1.27-1.21a.35.35,0,0,0-.26-.07,8.38,8.38,0,0,0-3.87,1.56,2,2,0,0,0,.06,3.33,7.36,7.36,0,0,0,2,1,19.09,19.09,0,0,0,8.33.68,11,11,0,0,0,4.56-1.35c1.91-1.15,1.92-2.93,0-4.11a.75.75,0,0,0-.17-.1c-1.08-.36-2.16-.73-3.25-1.08a.37.37,0,0,0-.31,0c-.45.41-.88.83-1.37,1.3l.45.09c1,.25,2.1.48,3.14.78a3.32,3.32,0,0,1,1,.57c.4.3.41.62,0,.9a5.88,5.88,0,0,1-1.45.75,17.78,17.78,0,0,1-10.44,0,5.89,5.89,0,0,1-1.5-.76c-.44-.29-.44-.62,0-.93a4.45,4.45,0,0,1,1.28-.66C18.92,31,19.93,30.75,21,30.48Z\" style=\"fill:#4b639d\"><\/path><path d=\"M27.05,17.13a3.74,3.74,0,1,1-3.72-3.73A3.74,3.74,0,0,1,27.05,17.13Z\" style=\"fill:#4b639d\"><\/path><\/g><\/g><\/svg>\t\t\t\t<\/span>\n\t\t\t<\/div>\n\t\t\t\n\t\t\t\t\t\t<div class=\"elementor-icon-box-content\">\n\n\t\t\t\t\t\t\t\t\t<p class=\"elementor-icon-box-title\">\n\t\t\t\t\t\t<span  >\n\t\t\t\t\t\t\tDirecci\u00f3n\t\t\t\t\t\t<\/span>\n\t\t\t\t\t<\/p>\n\t\t\t\t\n\t\t\t\t\t\t\t\t\t<p class=\"elementor-icon-box-description\">\n\t\t\t\t\t\tServicios GDP SA LLC - 10190 SW 88th -\n#502 - Miami. FL. 33716. USA\t\t\t\t\t<\/p>\n\t\t\t\t\n\t\t\t<\/div>\n\t\t\t\n\t\t<\/div>\n\t\t\t\t\t\t<\/div>\n\t\t\t\t<\/div>\n\t\t\t\t\t<\/div>\n\t\t<\/div>\n\t\t\t\t\t<\/div>\n\t\t<\/section>\n\t\t\t\t\t<\/div>\n\t\t<\/div>\n\t\t\t\t\t<\/div>\n\t\t<\/section>\n\t\t\t\t<section class=\"elementor-section elementor-top-section elementor-element elementor-element-09f8a77 elementor-section-full_width elementor-section-height-default elementor-section-height-default\" data-id=\"09f8a77\" data-element_type=\"section\" data-e-type=\"section\">\n\t\t\t\t\t\t<div class=\"elementor-container elementor-column-gap-no\">\n\t\t\t\t\t<div class=\"elementor-column elementor-col-100 elementor-top-column elementor-element elementor-element-4f6ac7e\" data-id=\"4f6ac7e\" data-element_type=\"column\" data-e-type=\"column\">\n\t\t\t<div class=\"elementor-widget-wrap elementor-element-populated\">\n\t\t\t\t\t\t<div class=\"elementor-element elementor-element-b331b83 elementor-widget elementor-widget-shortcode\" data-id=\"b331b83\" data-element_type=\"widget\" data-e-type=\"widget\" data-widget_type=\"shortcode.default\">\n\t\t\t\t<div class=\"elementor-widget-container\">\n\t\t\t\t\t\t\t<div class=\"elementor-shortcode\"><\/div>\n\t\t\t\t\t\t<\/div>\n\t\t\t\t<\/div>\n\t\t\t\t\t<\/div>\n\t\t<\/div>\n\t\t\t\t\t<\/div>\n\t\t<\/section>\n\t\t\t\t<\/div>\n\t\t","protected":false},"excerpt":{"rendered":"<p>Cont\u00e1ctanos Nos gustar\u00eda conocer todas tusdudas, te ayudaremos en tuformaci\u00f3n continua. Env\u00edanos un mensaje Deja tu consulta o comentario y recibe atenci\u00f3n de nuestro equipo&hellip;<\/p>","protected":false},"author":577,"featured_media":0,"parent":0,"menu_order":0,"comment_status":"closed","ping_status":"closed","template":"elementor_header_footer","meta":{"footnotes":""},"class_list":["post-19039","page","type-page","status-publish","hentry"],"_links":{"self":[{"href":"https:\/\/cursosgdp.serviciosgdp.com\/en\/wp-json\/wp\/v2\/pages\/19039","targetHints":{"allow":["GET"]}}],"collection":[{"href":"https:\/\/cursosgdp.serviciosgdp.com\/en\/wp-json\/wp\/v2\/pages"}],"about":[{"href":"https:\/\/cursosgdp.serviciosgdp.com\/en\/wp-json\/wp\/v2\/types\/page"}],"author":[{"embeddable":true,"href":"https:\/\/cursosgdp.serviciosgdp.com\/en\/wp-json\/wp\/v2\/users\/577"}],"replies":[{"embeddable":true,"href":"https:\/\/cursosgdp.serviciosgdp.com\/en\/wp-json\/wp\/v2\/comments?post=19039"}],"version-history":[{"count":19,"href":"https:\/\/cursosgdp.serviciosgdp.com\/en\/wp-json\/wp\/v2\/pages\/19039\/revisions"}],"predecessor-version":[{"id":22136,"href":"https:\/\/cursosgdp.serviciosgdp.com\/en\/wp-json\/wp\/v2\/pages\/19039\/revisions\/22136"}],"wp:attachment":[{"href":"https:\/\/cursosgdp.serviciosgdp.com\/en\/wp-json\/wp\/v2\/media?parent=19039"}],"curies":[{"name":"wp","href":"https:\/\/api.w.org\/{rel}","templated":true}]}}