{"id":19018,"date":"2025-05-07T09:47:45","date_gmt":"2025-05-07T13:47:45","guid":{"rendered":"https:\/\/cursosgdp.serviciosgdp.com\/?page_id=19018"},"modified":"2025-05-07T10:08:13","modified_gmt":"2025-05-07T14:08:13","slug":"nosotros","status":"publish","type":"page","link":"https:\/\/cursosgdp.serviciosgdp.com\/en\/nosotros\/","title":{"rendered":"Nosotros"},"content":{"rendered":"<div data-elementor-type=\"wp-page\" data-elementor-id=\"19018\" class=\"elementor elementor-19018\" data-elementor-post-type=\"page\">\n\t\t\t\t\t\t<section class=\"elementor-section elementor-top-section elementor-element elementor-element-70735095 elementor-section-full_width elementor-section-height-min-height elementor-section-items-top elementor-section-content-top elementor-section-height-default\" data-id=\"70735095\" data-element_type=\"section\" data-e-type=\"section\" data-settings=\"{&quot;background_background&quot;:&quot;classic&quot;}\">\n\t\t\t\t\t\t<div class=\"elementor-container elementor-column-gap-default\">\n\t\t\t\t\t<div class=\"elementor-column elementor-col-100 elementor-top-column elementor-element elementor-element-67b16547\" data-id=\"67b16547\" data-element_type=\"column\" data-e-type=\"column\">\n\t\t\t<div class=\"elementor-widget-wrap elementor-element-populated\">\n\t\t\t\t\t\t<div class=\"elementor-element elementor-element-4f702f9a elementor-widget elementor-widget-heading\" data-id=\"4f702f9a\" data-element_type=\"widget\" data-e-type=\"widget\" data-widget_type=\"heading.default\">\n\t\t\t\t<div class=\"elementor-widget-container\">\n\t\t\t\t\t<h2 class=\"elementor-heading-title elementor-size-default\">Apoyamos tu progreso en<br>\n\nla formaci\u00f3n continua<\/h2>\t\t\t\t<\/div>\n\t\t\t\t<\/div>\n\t\t\t\t<div class=\"elementor-element elementor-element-733c52fa elementor-widget elementor-widget-text-editor\" data-id=\"733c52fa\" data-element_type=\"widget\" data-e-type=\"widget\" data-widget_type=\"text-editor.default\">\n\t\t\t\t<div class=\"elementor-widget-container\">\n\t\t\t\t\t<div class=\"bb-theme-elementor-wrap bb-elementor-custom-color bb-elementor-custom-family bb-elementor-custom-size\">\t\t\t\t<p>Con la Educaci\u00f3n podemos llegar al techo del<br \/>mundo sin movernos de nuestro escritorio<\/p><p>&#8211; Ramiro M. Nu\u00f1ez<\/p>\t\t\t\t<\/div>\t\t\t\t<\/div>\n\t\t\t\t<\/div>\n\t\t\t\t\t<\/div>\n\t\t<\/div>\n\t\t\t\t\t<\/div>\n\t\t<\/section>\n\t\t\t\t<section class=\"elementor-section elementor-top-section elementor-element elementor-element-6ef37b9a elementor-section-boxed elementor-section-height-default elementor-section-height-default\" data-id=\"6ef37b9a\" data-element_type=\"section\" data-e-type=\"section\">\n\t\t\t\t\t\t<div class=\"elementor-container elementor-column-gap-default\">\n\t\t\t\t\t<div class=\"elementor-column elementor-col-100 elementor-top-column elementor-element elementor-element-6ec4ec27\" data-id=\"6ec4ec27\" data-element_type=\"column\" data-e-type=\"column\">\n\t\t\t<div class=\"elementor-widget-wrap elementor-element-populated\">\n\t\t\t\t\t\t<div class=\"elementor-element elementor-element-1fc7ed1a elementor-widget elementor-widget-heading\" data-id=\"1fc7ed1a\" data-element_type=\"widget\" data-e-type=\"widget\" data-widget_type=\"heading.default\">\n\t\t\t\t<div class=\"elementor-widget-container\">\n\t\t\t\t\t<h4 class=\"elementor-heading-title elementor-size-default\">Nuestra historia<\/h4>\t\t\t\t<\/div>\n\t\t\t\t<\/div>\n\t\t\t\t<div class=\"elementor-element elementor-element-44586ba elementor-widget elementor-widget-text-editor\" data-id=\"44586ba\" data-element_type=\"widget\" data-e-type=\"widget\" data-widget_type=\"text-editor.default\">\n\t\t\t\t<div class=\"elementor-widget-container\">\n\t\t\t\t\t<div class=\"bb-theme-elementor-wrap bb-elementor-custom-color bb-elementor-custom-family\">\t\t\t\t<p>Nacimos hace mas de 20 a\u00f1os con el nombre comercial de Servicios Gerenciales de Proyectos, actualmente cursosgdp; con nuestra firma empresarial acreditada como empresa jur\u00eddica formal en el mundo de capacitaci\u00f3n para la formaci\u00f3n profesional continua y asesor\u00eda t\u00e9cnica, por Instituciones P\u00fablicas reconocidas y rectoras del sector educativo.<\/p><p>En el transcurrir de los a\u00f1os nos ampliamos en diversidad de categor\u00edas o especialidades con un Talento Humano de Instructores calificados, con experiencia comprobada did\u00e1ctica y operativa en cada una de sus \u00e1reas de dominio.<\/p><p>Crecimos desde el mundo presencial con una amplia cartera de cursos probados y calificados internacionalmente, trabajando con aliados comerciales a nivel Regi\u00f3n (Latinoam\u00e9rica), con presencia en Colombia, Ecuador, Bolivia, Per\u00fa, Uruguay y M\u00e9xico, atendiendo a diversidad de clientes del Sector P\u00fablico y Privado.<\/p><p>Nos activamos en el mundo online como cursosgdp a trav\u00e9s de nuestra firma Servicios GDP SA LLC, en la ciudad de Miami, FL USA, y en el corto plazo contamos con una diversidad de temas. Seguimos creciendo para ofrecer un efectivo servicio de formaci\u00f3n continua orientado a generar productividad y creaci\u00f3n de valor para nuestros clientes del mercado hispanoparlante.<\/p>\t\t\t\t<\/div>\t\t\t\t<\/div>\n\t\t\t\t<\/div>\n\t\t\t\t\t<\/div>\n\t\t<\/div>\n\t\t\t\t\t<\/div>\n\t\t<\/section>\n\t\t\t\t<section class=\"elementor-section elementor-top-section elementor-element elementor-element-6a645be7 elementor-section-boxed elementor-section-height-default elementor-section-height-default\" data-id=\"6a645be7\" data-element_type=\"section\" data-e-type=\"section\">\n\t\t\t\t\t\t<div class=\"elementor-container elementor-column-gap-default\">\n\t\t\t\t\t<div class=\"elementor-column elementor-col-50 elementor-top-column elementor-element elementor-element-7b5f2323\" data-id=\"7b5f2323\" data-element_type=\"column\" data-e-type=\"column\">\n\t\t\t<div class=\"elementor-widget-wrap elementor-element-populated\">\n\t\t\t\t\t\t<div class=\"elementor-element elementor-element-609e4e50 elementor-widget elementor-widget-counter\" data-id=\"609e4e50\" data-element_type=\"widget\" data-e-type=\"widget\" data-widget_type=\"counter.default\">\n\t\t\t\t<div class=\"elementor-widget-container\">\n\t\t\t\t\t\t\t<div class=\"elementor-counter\">\n\t\t\t<div class=\"elementor-counter-title\">HORAS PRESENCIALES<\/div>\t\t\t<div class=\"elementor-counter-number-wrapper\">\n\t\t\t\t<span class=\"elementor-counter-number-prefix\"><\/span>\n\t\t\t\t<span class=\"elementor-counter-number\" data-duration=\"2000\" data-to-value=\"425800\" data-from-value=\"0\">0<\/span>\n\t\t\t\t<span class=\"elementor-counter-number-suffix\"><\/span>\n\t\t\t<\/div>\n\t\t<\/div>\n\t\t\t\t\t\t<\/div>\n\t\t\t\t<\/div>\n\t\t\t\t\t<\/div>\n\t\t<\/div>\n\t\t\t\t<div class=\"elementor-column elementor-col-50 elementor-top-column elementor-element elementor-element-52e57d46\" data-id=\"52e57d46\" data-element_type=\"column\" data-e-type=\"column\">\n\t\t\t<div class=\"elementor-widget-wrap elementor-element-populated\">\n\t\t\t\t\t\t<div class=\"elementor-element elementor-element-73030651 elementor-widget elementor-widget-counter\" data-id=\"73030651\" data-element_type=\"widget\" data-e-type=\"widget\" data-widget_type=\"counter.default\">\n\t\t\t\t<div class=\"elementor-widget-container\">\n\t\t\t\t\t\t\t<div class=\"elementor-counter\">\n\t\t\t<div class=\"elementor-counter-title\">INSTRUCTORES CALIFICADOS<\/div>\t\t\t<div class=\"elementor-counter-number-wrapper\">\n\t\t\t\t<span class=\"elementor-counter-number-prefix\"><\/span>\n\t\t\t\t<span class=\"elementor-counter-number\" data-duration=\"2000\" data-to-value=\"175\" data-from-value=\"0\">0<\/span>\n\t\t\t\t<span class=\"elementor-counter-number-suffix\"><\/span>\n\t\t\t<\/div>\n\t\t<\/div>\n\t\t\t\t\t\t<\/div>\n\t\t\t\t<\/div>\n\t\t\t\t\t<\/div>\n\t\t<\/div>\n\t\t\t\t\t<\/div>\n\t\t<\/section>\n\t\t\t\t<section class=\"elementor-section elementor-top-section elementor-element elementor-element-3b961036 elementor-section-boxed elementor-section-height-default elementor-section-height-default\" data-id=\"3b961036\" data-element_type=\"section\" data-e-type=\"section\">\n\t\t\t\t\t\t<div class=\"elementor-container elementor-column-gap-default\">\n\t\t\t\t\t<div class=\"elementor-column elementor-col-50 elementor-top-column elementor-element elementor-element-7973d4a8\" data-id=\"7973d4a8\" data-element_type=\"column\" data-e-type=\"column\">\n\t\t\t<div class=\"elementor-widget-wrap elementor-element-populated\">\n\t\t\t\t\t\t<div class=\"elementor-element elementor-element-33feec3a elementor-widget elementor-widget-counter\" data-id=\"33feec3a\" data-element_type=\"widget\" data-e-type=\"widget\" data-widget_type=\"counter.default\">\n\t\t\t\t<div class=\"elementor-widget-container\">\n\t\t\t\t\t\t\t<div class=\"elementor-counter\">\n\t\t\t<div class=\"elementor-counter-title\">CURSOS PRESENCIALES<\/div>\t\t\t<div class=\"elementor-counter-number-wrapper\">\n\t\t\t\t<span class=\"elementor-counter-number-prefix\"><\/span>\n\t\t\t\t<span class=\"elementor-counter-number\" data-duration=\"2000\" data-to-value=\"615\" data-from-value=\"0\">0<\/span>\n\t\t\t\t<span class=\"elementor-counter-number-suffix\"><\/span>\n\t\t\t<\/div>\n\t\t<\/div>\n\t\t\t\t\t\t<\/div>\n\t\t\t\t<\/div>\n\t\t\t\t\t<\/div>\n\t\t<\/div>\n\t\t\t\t<div class=\"elementor-column elementor-col-50 elementor-top-column elementor-element elementor-element-2cca1c42\" data-id=\"2cca1c42\" data-element_type=\"column\" data-e-type=\"column\">\n\t\t\t<div class=\"elementor-widget-wrap elementor-element-populated\">\n\t\t\t\t\t\t<div class=\"elementor-element elementor-element-39591039 elementor-widget elementor-widget-counter\" data-id=\"39591039\" data-element_type=\"widget\" data-e-type=\"widget\" data-widget_type=\"counter.default\">\n\t\t\t\t<div class=\"elementor-widget-container\">\n\t\t\t\t\t\t\t<div class=\"elementor-counter\">\n\t\t\t<div class=\"elementor-counter-title\">PARTICIPANTES PRESENCIALES<\/div>\t\t\t<div class=\"elementor-counter-number-wrapper\">\n\t\t\t\t<span class=\"elementor-counter-number-prefix\"><\/span>\n\t\t\t\t<span class=\"elementor-counter-number\" data-duration=\"2000\" data-to-value=\"15500\" data-from-value=\"0\">0<\/span>\n\t\t\t\t<span class=\"elementor-counter-number-suffix\"><\/span>\n\t\t\t<\/div>\n\t\t<\/div>\n\t\t\t\t\t\t<\/div>\n\t\t\t\t<\/div>\n\t\t\t\t\t<\/div>\n\t\t<\/div>\n\t\t\t\t\t<\/div>\n\t\t<\/section>\n\t\t\t\t<section class=\"elementor-section elementor-top-section elementor-element elementor-element-5837abb2 elementor-section-boxed elementor-section-height-default elementor-section-height-default\" data-id=\"5837abb2\" data-element_type=\"section\" data-e-type=\"section\">\n\t\t\t\t\t\t<div class=\"elementor-container elementor-column-gap-default\">\n\t\t\t\t\t<div class=\"elementor-column elementor-col-50 elementor-top-column elementor-element elementor-element-3f65dab6\" data-id=\"3f65dab6\" data-element_type=\"column\" data-e-type=\"column\">\n\t\t\t<div class=\"elementor-widget-wrap elementor-element-populated\">\n\t\t\t\t\t\t<div class=\"elementor-element elementor-element-26032c4b elementor-widget elementor-widget-image\" data-id=\"26032c4b\" data-element_type=\"widget\" data-e-type=\"widget\" data-widget_type=\"image.default\">\n\t\t\t\t<div class=\"elementor-widget-container\">\n\t\t\t\t\t\t\t\t\t\t\t\t\t\t\t<img fetchpriority=\"high\" decoding=\"async\" width=\"640\" height=\"560\" src=\"https:\/\/cursosgdp.serviciosgdp.com\/wp-content\/uploads\/2-Quienes-somos.jpg\" class=\"attachment-large size-large wp-image-19026\" alt=\"\" srcset=\"https:\/\/cursosgdp.serviciosgdp.com\/wp-content\/uploads\/2-Quienes-somos.jpg 793w, https:\/\/cursosgdp.serviciosgdp.com\/wp-content\/uploads\/2-Quienes-somos-300x263.jpg 300w, https:\/\/cursosgdp.serviciosgdp.com\/wp-content\/uploads\/2-Quienes-somos-768x672.jpg 768w, https:\/\/cursosgdp.serviciosgdp.com\/wp-content\/uploads\/2-Quienes-somos-14x12.jpg 14w, https:\/\/cursosgdp.serviciosgdp.com\/wp-content\/uploads\/2-Quienes-somos-624x546.jpg 624w\" sizes=\"(max-width: 640px) 100vw, 640px\" \/>\t\t\t\t\t\t\t\t\t\t\t\t\t\t\t<\/div>\n\t\t\t\t<\/div>\n\t\t\t\t\t<\/div>\n\t\t<\/div>\n\t\t\t\t<div class=\"elementor-column elementor-col-50 elementor-top-column elementor-element elementor-element-7e2d6e5c\" data-id=\"7e2d6e5c\" data-element_type=\"column\" data-e-type=\"column\">\n\t\t\t<div class=\"elementor-widget-wrap elementor-element-populated\">\n\t\t\t\t\t\t<div class=\"elementor-element elementor-element-482b2cfd elementor-widget elementor-widget-heading\" data-id=\"482b2cfd\" data-element_type=\"widget\" data-e-type=\"widget\" data-widget_type=\"heading.default\">\n\t\t\t\t<div class=\"elementor-widget-container\">\n\t\t\t\t\t<h5 class=\"elementor-heading-title elementor-size-default\">Quienes somos:<\/h5>\t\t\t\t<\/div>\n\t\t\t\t<\/div>\n\t\t\t\t<div class=\"elementor-element elementor-element-69ba83b6 elementor-widget elementor-widget-text-editor\" data-id=\"69ba83b6\" data-element_type=\"widget\" data-e-type=\"widget\" data-widget_type=\"text-editor.default\">\n\t\t\t\t<div class=\"elementor-widget-container\">\n\t\t\t\t\t<div class=\"bb-theme-elementor-wrap bb-elementor-custom-color bb-elementor-custom-family\">\t\t\t\t<p>Somos una empresa educativa con experiencia comprobada de m\u00e1s de 20 a\u00f1os de operaciones en el mundo presencial, soportada por profesionales calificados en diversas disciplinas y reconocidos por nuestros clientes como proveedor educativo confiable y de soporte para el crecimiento profesional de su talento humano.<\/p>\t\t\t\t<\/div>\t\t\t\t<\/div>\n\t\t\t\t<\/div>\n\t\t\t\t\t<\/div>\n\t\t<\/div>\n\t\t\t\t\t<\/div>\n\t\t<\/section>\n\t\t\t\t<section class=\"elementor-section elementor-top-section elementor-element elementor-element-34f383c6 elementor-section-boxed elementor-section-height-default elementor-section-height-default\" data-id=\"34f383c6\" data-element_type=\"section\" data-e-type=\"section\">\n\t\t\t\t\t\t<div class=\"elementor-container elementor-column-gap-default\">\n\t\t\t\t\t<div class=\"elementor-column elementor-col-50 elementor-top-column elementor-element elementor-element-801357f\" data-id=\"801357f\" data-element_type=\"column\" data-e-type=\"column\">\n\t\t\t<div class=\"elementor-widget-wrap elementor-element-populated\">\n\t\t\t\t\t\t<div class=\"elementor-element elementor-element-57dbbe02 elementor-widget elementor-widget-heading\" data-id=\"57dbbe02\" data-element_type=\"widget\" data-e-type=\"widget\" data-widget_type=\"heading.default\">\n\t\t\t\t<div class=\"elementor-widget-container\">\n\t\t\t\t\t<h5 class=\"elementor-heading-title elementor-size-default\">Qu\u00e9 hacemos:<\/h5>\t\t\t\t<\/div>\n\t\t\t\t<\/div>\n\t\t\t\t<div class=\"elementor-element elementor-element-3a851197 elementor-widget elementor-widget-text-editor\" data-id=\"3a851197\" data-element_type=\"widget\" data-e-type=\"widget\" data-widget_type=\"text-editor.default\">\n\t\t\t\t<div class=\"elementor-widget-container\">\n\t\t\t\t\t<div class=\"bb-theme-elementor-wrap bb-elementor-custom-color bb-elementor-custom-family\">\t\t\t\t<p>Brindamos soluciones de capacitaci\u00f3n online con nuestra propia plataforma elearning, a la medida del cliente y orientados al entrenamiento inmediato que les sirva de apoyo para acometer acciones productivas en el que hacer laboral y personal.<\/p>\t\t\t\t<\/div>\t\t\t\t<\/div>\n\t\t\t\t<\/div>\n\t\t\t\t\t<\/div>\n\t\t<\/div>\n\t\t\t\t<div class=\"elementor-column elementor-col-50 elementor-top-column elementor-element elementor-element-62d387b4\" data-id=\"62d387b4\" data-element_type=\"column\" data-e-type=\"column\">\n\t\t\t<div class=\"elementor-widget-wrap elementor-element-populated\">\n\t\t\t\t\t\t<div class=\"elementor-element elementor-element-7f4474d elementor-widget elementor-widget-image\" data-id=\"7f4474d\" data-element_type=\"widget\" data-e-type=\"widget\" data-widget_type=\"image.default\">\n\t\t\t\t<div class=\"elementor-widget-container\">\n\t\t\t\t\t\t\t\t\t\t\t\t\t\t\t<img decoding=\"async\" width=\"640\" height=\"560\" src=\"https:\/\/cursosgdp.serviciosgdp.com\/wp-content\/uploads\/3-Que-hacemos.jpg\" class=\"attachment-large size-large wp-image-19027\" alt=\"\" srcset=\"https:\/\/cursosgdp.serviciosgdp.com\/wp-content\/uploads\/3-Que-hacemos.jpg 793w, https:\/\/cursosgdp.serviciosgdp.com\/wp-content\/uploads\/3-Que-hacemos-300x263.jpg 300w, https:\/\/cursosgdp.serviciosgdp.com\/wp-content\/uploads\/3-Que-hacemos-768x672.jpg 768w, https:\/\/cursosgdp.serviciosgdp.com\/wp-content\/uploads\/3-Que-hacemos-14x12.jpg 14w, https:\/\/cursosgdp.serviciosgdp.com\/wp-content\/uploads\/3-Que-hacemos-624x546.jpg 624w\" sizes=\"(max-width: 640px) 100vw, 640px\" \/>\t\t\t\t\t\t\t\t\t\t\t\t\t\t\t<\/div>\n\t\t\t\t<\/div>\n\t\t\t\t\t<\/div>\n\t\t<\/div>\n\t\t\t\t\t<\/div>\n\t\t<\/section>\n\t\t\t\t<section class=\"elementor-section elementor-top-section elementor-element elementor-element-1ff0437 elementor-section-full_width elementor-section-height-default elementor-section-height-default\" data-id=\"1ff0437\" data-element_type=\"section\" data-e-type=\"section\">\n\t\t\t\t\t\t<div class=\"elementor-container elementor-column-gap-no\">\n\t\t\t\t\t<div class=\"elementor-column elementor-col-100 elementor-top-column elementor-element elementor-element-1a6731a\" data-id=\"1a6731a\" data-element_type=\"column\" data-e-type=\"column\">\n\t\t\t<div class=\"elementor-widget-wrap elementor-element-populated\">\n\t\t\t\t\t\t<div class=\"elementor-element elementor-element-408ba6d elementor-widget elementor-widget-shortcode\" data-id=\"408ba6d\" data-element_type=\"widget\" data-e-type=\"widget\" data-widget_type=\"shortcode.default\">\n\t\t\t\t<div class=\"elementor-widget-container\">\n\t\t\t\t\t\t\t<div class=\"elementor-shortcode\"><\/div>\n\t\t\t\t\t\t<\/div>\n\t\t\t\t<\/div>\n\t\t\t\t\t<\/div>\n\t\t<\/div>\n\t\t\t\t\t<\/div>\n\t\t<\/section>\n\t\t\t\t<\/div>","protected":false},"excerpt":{"rendered":"<p>Apoyamos tu progreso en la formaci\u00f3n continua Con la Educaci\u00f3n podemos llegar al techo delmundo sin movernos de nuestro escritorio &#8211; Ramiro M. Nu\u00f1ez Nuestra&hellip;<\/p>","protected":false},"author":577,"featured_media":0,"parent":0,"menu_order":0,"comment_status":"closed","ping_status":"closed","template":"elementor_header_footer","meta":{"footnotes":""},"class_list":["post-19018","page","type-page","status-publish","hentry"],"_links":{"self":[{"href":"https:\/\/cursosgdp.serviciosgdp.com\/en\/wp-json\/wp\/v2\/pages\/19018","targetHints":{"allow":["GET"]}}],"collection":[{"href":"https:\/\/cursosgdp.serviciosgdp.com\/en\/wp-json\/wp\/v2\/pages"}],"about":[{"href":"https:\/\/cursosgdp.serviciosgdp.com\/en\/wp-json\/wp\/v2\/types\/page"}],"author":[{"embeddable":true,"href":"https:\/\/cursosgdp.serviciosgdp.com\/en\/wp-json\/wp\/v2\/users\/577"}],"replies":[{"embeddable":true,"href":"https:\/\/cursosgdp.serviciosgdp.com\/en\/wp-json\/wp\/v2\/comments?post=19018"}],"version-history":[{"count":13,"href":"https:\/\/cursosgdp.serviciosgdp.com\/en\/wp-json\/wp\/v2\/pages\/19018\/revisions"}],"predecessor-version":[{"id":19069,"href":"https:\/\/cursosgdp.serviciosgdp.com\/en\/wp-json\/wp\/v2\/pages\/19018\/revisions\/19069"}],"wp:attachment":[{"href":"https:\/\/cursosgdp.serviciosgdp.com\/en\/wp-json\/wp\/v2\/media?parent=19018"}],"curies":[{"name":"wp","href":"https:\/\/api.w.org\/{rel}","templated":true}]}}