{"id":13017,"date":"2025-02-18T10:32:50","date_gmt":"2025-02-18T14:32:50","guid":{"rendered":"https:\/\/cursosgdp.serviciosgdp.com\/?page_id=13017"},"modified":"2025-07-31T20:14:07","modified_gmt":"2025-08-01T00:14:07","slug":"ventas-y-atencion-al-cliente","status":"publish","type":"page","link":"https:\/\/cursosgdp.serviciosgdp.com\/en\/ventas-y-atencion-al-cliente\/","title":{"rendered":"Ventas y Atenci\u00f3n al Cliente"},"content":{"rendered":"<div data-elementor-type=\"wp-page\" data-elementor-id=\"13017\" class=\"elementor elementor-13017\" data-elementor-post-type=\"page\">\n\t\t\t\t\t\t<section class=\"elementor-section elementor-top-section elementor-element elementor-element-64a5392 elementor-section-boxed elementor-section-height-default elementor-section-height-default\" data-id=\"64a5392\" data-element_type=\"section\" data-e-type=\"section\">\n\t\t\t\t\t\t<div class=\"elementor-container elementor-column-gap-default\">\n\t\t\t\t\t<div class=\"elementor-column elementor-col-33 elementor-top-column elementor-element elementor-element-7e08578\" data-id=\"7e08578\" data-element_type=\"column\" data-e-type=\"column\">\n\t\t\t<div class=\"elementor-widget-wrap elementor-element-populated\">\n\t\t\t\t\t\t<section class=\"elementor-section elementor-inner-section elementor-element elementor-element-e21fa1f elementor-section-full_width elementor-section-height-default elementor-section-height-default\" data-id=\"e21fa1f\" data-element_type=\"section\" data-e-type=\"section\">\n\t\t\t\t\t\t<div class=\"elementor-container elementor-column-gap-default\">\n\t\t\t\t\t<div class=\"elementor-column elementor-col-50 elementor-inner-column elementor-element elementor-element-d327389\" data-id=\"d327389\" data-element_type=\"column\" data-e-type=\"column\">\n\t\t\t<div class=\"elementor-widget-wrap elementor-element-populated\">\n\t\t\t\t\t\t<div class=\"elementor-element elementor-element-c8f795f elementor-widget elementor-widget-image\" data-id=\"c8f795f\" data-element_type=\"widget\" data-e-type=\"widget\" data-widget_type=\"image.default\">\n\t\t\t\t<div class=\"elementor-widget-container\">\n\t\t\t\t\t\t\t\t\t\t\t\t\t\t\t<img fetchpriority=\"high\" decoding=\"async\" width=\"512\" height=\"512\" src=\"https:\/\/cursosgdp.serviciosgdp.com\/wp-content\/uploads\/cropped-0.1-Logo-Cursos-GDP.png\" class=\"attachment-full size-full wp-image-14213\" alt=\"\" srcset=\"https:\/\/cursosgdp.serviciosgdp.com\/wp-content\/uploads\/cropped-0.1-Logo-Cursos-GDP.png 512w, https:\/\/cursosgdp.serviciosgdp.com\/wp-content\/uploads\/cropped-0.1-Logo-Cursos-GDP-300x300.png 300w, https:\/\/cursosgdp.serviciosgdp.com\/wp-content\/uploads\/cropped-0.1-Logo-Cursos-GDP-150x150.png 150w, https:\/\/cursosgdp.serviciosgdp.com\/wp-content\/uploads\/cropped-0.1-Logo-Cursos-GDP-12x12.png 12w, https:\/\/cursosgdp.serviciosgdp.com\/wp-content\/uploads\/cropped-0.1-Logo-Cursos-GDP-270x270.png 270w, https:\/\/cursosgdp.serviciosgdp.com\/wp-content\/uploads\/cropped-0.1-Logo-Cursos-GDP-192x192.png 192w, https:\/\/cursosgdp.serviciosgdp.com\/wp-content\/uploads\/cropped-0.1-Logo-Cursos-GDP-180x180.png 180w, https:\/\/cursosgdp.serviciosgdp.com\/wp-content\/uploads\/cropped-0.1-Logo-Cursos-GDP-32x32.png 32w\" sizes=\"(max-width: 512px) 100vw, 512px\" \/>\t\t\t\t\t\t\t\t\t\t\t\t\t\t\t<\/div>\n\t\t\t\t<\/div>\n\t\t\t\t\t<\/div>\n\t\t<\/div>\n\t\t\t\t<div class=\"elementor-column elementor-col-50 elementor-inner-column elementor-element elementor-element-9f80eb0\" data-id=\"9f80eb0\" data-element_type=\"column\" data-e-type=\"column\">\n\t\t\t<div class=\"elementor-widget-wrap elementor-element-populated\">\n\t\t\t\t\t\t<div class=\"elementor-element elementor-element-7f514e5 elementor-widget elementor-widget-heading\" data-id=\"7f514e5\" data-element_type=\"widget\" data-e-type=\"widget\" data-widget_type=\"heading.default\">\n\t\t\t\t<div class=\"elementor-widget-container\">\n\t\t\t\t\t<h2 class=\"elementor-heading-title elementor-size-default\">Ventas y Atenci\u00f3n al Cliente<\/h2>\t\t\t\t<\/div>\n\t\t\t\t<\/div>\n\t\t\t\t\t<\/div>\n\t\t<\/div>\n\t\t\t\t\t<\/div>\n\t\t<\/section>\n\t\t\t\t<div class=\"elementor-element elementor-element-2c75a79 elementor-align-start elementor-icon-list--layout-traditional elementor-list-item-link-full_width elementor-widget elementor-widget-icon-list\" data-id=\"2c75a79\" data-element_type=\"widget\" data-e-type=\"widget\" data-widget_type=\"icon-list.default\">\n\t\t\t\t<div class=\"elementor-widget-container\">\n\t\t\t\t\t\t\t<ul class=\"elementor-icon-list-items\">\n\t\t\t\t\t\t\t<li class=\"elementor-icon-list-item\">\n\t\t\t\t\t\t\t\t\t\t\t<a href=\"https:\/\/cursosgdp.serviciosgdp.com\/en\/todos-los-cursos\/\">\n\n\t\t\t\t\t\t\t\t\t\t\t<span class=\"elementor-icon-list-text\">Todos los cursos<\/span>\n\t\t\t\t\t\t\t\t\t\t\t<\/a>\n\t\t\t\t\t\t\t\t\t<\/li>\n\t\t\t\t\t\t\t\t<li class=\"elementor-icon-list-item\">\n\t\t\t\t\t\t\t\t\t\t\t<a href=\"https:\/\/cursosgdp.serviciosgdp.com\/en\/nuevos-cursos\/\">\n\n\t\t\t\t\t\t\t\t\t\t\t<span class=\"elementor-icon-list-text\">Nuevos Cursos<\/span>\n\t\t\t\t\t\t\t\t\t\t\t<\/a>\n\t\t\t\t\t\t\t\t\t<\/li>\n\t\t\t\t\t\t<\/ul>\n\t\t\t\t\t\t<\/div>\n\t\t\t\t<\/div>\n\t\t\t\t\t<\/div>\n\t\t<\/div>\n\t\t\t\t<div class=\"elementor-column elementor-col-66 elementor-top-column elementor-element elementor-element-cd6f893\" data-id=\"cd6f893\" data-element_type=\"column\" data-e-type=\"column\" data-settings=\"{&quot;background_background&quot;:&quot;classic&quot;}\">\n\t\t\t<div class=\"elementor-widget-wrap elementor-element-populated\">\n\t\t\t\t\t\t<div class=\"elementor-element elementor-element-e76f920 elementor-widget elementor-widget-heading\" data-id=\"e76f920\" data-element_type=\"widget\" data-e-type=\"widget\" data-widget_type=\"heading.default\">\n\t\t\t\t<div class=\"elementor-widget-container\">\n\t\t\t\t\t<h3 class=\"elementor-heading-title elementor-size-default\">Reg\u00edstrate ahora\n<\/h3>\t\t\t\t<\/div>\n\t\t\t\t<\/div>\n\t\t\t\t<div class=\"elementor-element elementor-element-87f43b5 elementor-widget elementor-widget-text-editor\" data-id=\"87f43b5\" data-element_type=\"widget\" data-e-type=\"widget\" data-widget_type=\"text-editor.default\">\n\t\t\t\t<div class=\"elementor-widget-container\">\n\t\t\t\t\t<div class=\"bb-theme-elementor-wrap bb-elementor-custom-color bb-elementor-custom-family bb-elementor-custom-size bb-elementor-custom-line-height\">\t\t\t\t<p>es <em><strong>gratuito<\/strong><\/em> y obt\u00e9n un <strong>10% de descuento <br \/><\/strong>en <strong>TODOS<\/strong> nuestros cursos en tu primera<br \/>suscripci\u00f3n<\/p>\t\t\t\t<\/div>\t\t\t\t<\/div>\n\t\t\t\t<\/div>\n\t\t\t\t<div class=\"elementor-element elementor-element-deeb07a elementor-widget elementor-widget-button\" data-id=\"deeb07a\" data-element_type=\"widget\" data-e-type=\"widget\" data-widget_type=\"button.default\">\n\t\t\t\t<div class=\"elementor-widget-container\">\n\t\t\t\t\t\t\t\t\t<div class=\"elementor-button-wrapper\">\n\t\t\t\t\t<a class=\"elementor-button elementor-button-link elementor-size-sm\" href=\"https:\/\/cursosgdp.serviciosgdp.com\/en\/registro\/\">\n\t\t\t\t\t\t<span class=\"elementor-button-content-wrapper\">\n\t\t\t\t\t\t\t\t\t<span class=\"elementor-button-text\">REG\u00cdSTRATE<\/span>\n\t\t\t\t\t<\/span>\n\t\t\t\t\t<\/a>\n\t\t\t\t<\/div>\n\t\t\t\t\t\t\t\t<\/div>\n\t\t\t\t<\/div>\n\t\t\t\t\t<\/div>\n\t\t<\/div>\n\t\t\t\t\t<\/div>\n\t\t<\/section>\n\t\t\t\t<section class=\"elementor-section elementor-top-section elementor-element elementor-element-2c69f85 elementor-section-boxed elementor-section-height-default elementor-section-height-default\" data-id=\"2c69f85\" data-element_type=\"section\" data-e-type=\"section\">\n\t\t\t\t\t\t<div class=\"elementor-container elementor-column-gap-default\">\n\t\t\t\t\t<div class=\"elementor-column elementor-col-100 elementor-top-column elementor-element elementor-element-9126f8c\" data-id=\"9126f8c\" data-element_type=\"column\" data-e-type=\"column\">\n\t\t\t<div class=\"elementor-widget-wrap elementor-element-populated\">\n\t\t\t\t\t\t<div class=\"elementor-element elementor-element-bd40c00 elementor-widget-divider--view-line_text elementor-widget-divider--element-align-center elementor-widget elementor-widget-divider\" data-id=\"bd40c00\" data-element_type=\"widget\" data-e-type=\"widget\" data-widget_type=\"divider.default\">\n\t\t\t\t<div class=\"elementor-widget-container\">\n\t\t\t\t\t\t\t<div class=\"elementor-divider\">\n\t\t\t<span class=\"elementor-divider-separator\">\n\t\t\t\t\t\t<\/span>\n\t\t<\/div>\n\t\t\t\t\t\t<\/div>\n\t\t\t\t<\/div>\n\t\t\t\t\t<\/div>\n\t\t<\/div>\n\t\t\t\t\t<\/div>\n\t\t<\/section>\n\t\t\t\t<section class=\"elementor-section elementor-top-section elementor-element elementor-element-24f42ba elementor-section-boxed elementor-section-height-default elementor-section-height-default\" data-id=\"24f42ba\" data-element_type=\"section\" data-e-type=\"section\">\n\t\t\t\t\t\t<div class=\"elementor-container elementor-column-gap-default\">\n\t\t\t\t\t<div class=\"elementor-column elementor-col-33 elementor-top-column elementor-element elementor-element-22bd289\" data-id=\"22bd289\" data-element_type=\"column\" data-e-type=\"column\">\n\t\t\t<div class=\"elementor-widget-wrap elementor-element-populated\">\n\t\t\t\t\t\t<div class=\"elementor-element elementor-element-d14205a elementor-widget elementor-widget-heading\" data-id=\"d14205a\" data-element_type=\"widget\" data-e-type=\"widget\" data-widget_type=\"heading.default\">\n\t\t\t\t<div class=\"elementor-widget-container\">\n\t\t\t\t\t<h2 class=\"elementor-heading-title elementor-size-default\">Categor\u00edas<\/h2>\t\t\t\t<\/div>\n\t\t\t\t<\/div>\n\t\t\t\t<div class=\"elementor-element elementor-element-e691f82 elementor-nav-menu__align-start elementor-nav-menu--dropdown-tablet elementor-nav-menu__text-align-aside elementor-nav-menu--toggle elementor-nav-menu--burger elementor-widget elementor-widget-nav-menu\" data-id=\"e691f82\" data-element_type=\"widget\" data-e-type=\"widget\" data-settings=\"{&quot;layout&quot;:&quot;vertical&quot;,&quot;submenu_icon&quot;:{&quot;value&quot;:&quot;&lt;i class=\\&quot;fas fa-caret-down\\&quot; aria-hidden=\\&quot;true\\&quot;&gt;&lt;\\\/i&gt;&quot;,&quot;library&quot;:&quot;fa-solid&quot;},&quot;toggle&quot;:&quot;burger&quot;}\" data-widget_type=\"nav-menu.default\">\n\t\t\t\t<div class=\"elementor-widget-container\">\n\t\t\t\t\t\t\t\t<nav aria-label=\"Menu\" class=\"elementor-nav-menu--main elementor-nav-menu__container elementor-nav-menu--layout-vertical e--pointer-none\">\n\t\t\t\t<ul id=\"menu-1-e691f82\" class=\"elementor-nav-menu sm-vertical\"><li class=\"menu-item menu-item-type-post_type menu-item-object-page menu-item-20859\"><a href=\"https:\/\/cursosgdp.serviciosgdp.com\/en\/administracion-finanzas-y-auditoria\/\" class=\"elementor-item\">Administraci\u00f3n, Finanzas y Auditor\u00eda<\/a><\/li>\n<li class=\"menu-item menu-item-type-post_type menu-item-object-page menu-item-20856\"><a href=\"https:\/\/cursosgdp.serviciosgdp.com\/en\/desarrollo-personal-y-empresarial\/\" class=\"elementor-item\">Desarrollo Personal y Empresarial<\/a><\/li>\n<li class=\"menu-item menu-item-type-post_type menu-item-object-page menu-item-20853\"><a href=\"https:\/\/cursosgdp.serviciosgdp.com\/en\/ingenieria-y-mantenimiento\/\" class=\"elementor-item\">Ingenieria y Mantenimiento<\/a><\/li>\n<li class=\"menu-item menu-item-type-post_type menu-item-object-page menu-item-20858\"><a href=\"https:\/\/cursosgdp.serviciosgdp.com\/en\/negocios-y-gestion-empresarial\/\" class=\"elementor-item\">Negocios y Gesti\u00f3n Empresarial<\/a><\/li>\n<li class=\"menu-item menu-item-type-post_type menu-item-object-page menu-item-20855\"><a href=\"https:\/\/cursosgdp.serviciosgdp.com\/en\/operaciones-con-equipos-de-izamiento-de-carga\/\" class=\"elementor-item\">Operaciones con Equipos de Izamiento de Carga<\/a><\/li>\n<li class=\"menu-item menu-item-type-post_type menu-item-object-page menu-item-20852\"><a href=\"https:\/\/cursosgdp.serviciosgdp.com\/en\/petroleros\/\" class=\"elementor-item\">Petroleros<\/a><\/li>\n<li class=\"menu-item menu-item-type-post_type menu-item-object-page menu-item-20857\"><a href=\"https:\/\/cursosgdp.serviciosgdp.com\/en\/seguridad-y-proteccion-fisica\/\" class=\"elementor-item\">Seguridad y Protecci\u00f3n F\u00edsica<\/a><\/li>\n<li class=\"menu-item menu-item-type-post_type menu-item-object-page menu-item-20854\"><a href=\"https:\/\/cursosgdp.serviciosgdp.com\/en\/ventas-y-atencion-al-cliente\/\" class=\"elementor-item\">Ventas y Atenci\u00f3n al Cliente<\/a><\/li>\n<\/ul>\t\t\t<\/nav>\n\t\t\t\t\t<div class=\"elementor-menu-toggle\" role=\"button\" tabindex=\"0\" aria-label=\"Menu Toggle\" aria-expanded=\"false\">\n\t\t\t<i aria-hidden=\"true\" role=\"presentation\" class=\"elementor-menu-toggle__icon--open eicon-menu-bar\"><\/i><i aria-hidden=\"true\" role=\"presentation\" class=\"elementor-menu-toggle__icon--close eicon-close\"><\/i>\t\t<\/div>\n\t\t\t\t\t<nav class=\"elementor-nav-menu--dropdown elementor-nav-menu__container\" aria-hidden=\"true\">\n\t\t\t\t<ul id=\"menu-2-e691f82\" class=\"elementor-nav-menu sm-vertical\"><li class=\"menu-item menu-item-type-post_type menu-item-object-page menu-item-20859\"><a href=\"https:\/\/cursosgdp.serviciosgdp.com\/en\/administracion-finanzas-y-auditoria\/\" class=\"elementor-item\" tabindex=\"-1\">Administraci\u00f3n, Finanzas y Auditor\u00eda<\/a><\/li>\n<li class=\"menu-item menu-item-type-post_type menu-item-object-page menu-item-20856\"><a href=\"https:\/\/cursosgdp.serviciosgdp.com\/en\/desarrollo-personal-y-empresarial\/\" class=\"elementor-item\" tabindex=\"-1\">Desarrollo Personal y Empresarial<\/a><\/li>\n<li class=\"menu-item menu-item-type-post_type menu-item-object-page menu-item-20853\"><a href=\"https:\/\/cursosgdp.serviciosgdp.com\/en\/ingenieria-y-mantenimiento\/\" class=\"elementor-item\" tabindex=\"-1\">Ingenieria y Mantenimiento<\/a><\/li>\n<li class=\"menu-item menu-item-type-post_type menu-item-object-page menu-item-20858\"><a href=\"https:\/\/cursosgdp.serviciosgdp.com\/en\/negocios-y-gestion-empresarial\/\" class=\"elementor-item\" tabindex=\"-1\">Negocios y Gesti\u00f3n Empresarial<\/a><\/li>\n<li class=\"menu-item menu-item-type-post_type menu-item-object-page menu-item-20855\"><a href=\"https:\/\/cursosgdp.serviciosgdp.com\/en\/operaciones-con-equipos-de-izamiento-de-carga\/\" class=\"elementor-item\" tabindex=\"-1\">Operaciones con Equipos de Izamiento de Carga<\/a><\/li>\n<li class=\"menu-item menu-item-type-post_type menu-item-object-page menu-item-20852\"><a href=\"https:\/\/cursosgdp.serviciosgdp.com\/en\/petroleros\/\" class=\"elementor-item\" tabindex=\"-1\">Petroleros<\/a><\/li>\n<li class=\"menu-item menu-item-type-post_type menu-item-object-page menu-item-20857\"><a href=\"https:\/\/cursosgdp.serviciosgdp.com\/en\/seguridad-y-proteccion-fisica\/\" class=\"elementor-item\" tabindex=\"-1\">Seguridad y Protecci\u00f3n F\u00edsica<\/a><\/li>\n<li class=\"menu-item menu-item-type-post_type menu-item-object-page menu-item-20854\"><a href=\"https:\/\/cursosgdp.serviciosgdp.com\/en\/ventas-y-atencion-al-cliente\/\" class=\"elementor-item\" tabindex=\"-1\">Ventas y Atenci\u00f3n al Cliente<\/a><\/li>\n<\/ul>\t\t\t<\/nav>\n\t\t\t\t\t\t<\/div>\n\t\t\t\t<\/div>\n\t\t\t\t\t<\/div>\n\t\t<\/div>\n\t\t\t\t<div class=\"elementor-column elementor-col-66 elementor-top-column elementor-element elementor-element-b8d8a51\" data-id=\"b8d8a51\" data-element_type=\"column\" data-e-type=\"column\" data-settings=\"{&quot;background_background&quot;:&quot;classic&quot;}\">\n\t\t\t<div class=\"elementor-widget-wrap elementor-element-populated\">\n\t\t\t\t\t\t<div class=\"elementor-element elementor-element-17db469 pagination-cta--align-center elementor-widget__width-inherit elementor-widget elementor-widget-ld-courses\" data-id=\"17db469\" data-element_type=\"widget\" data-e-type=\"widget\" data-widget_type=\"ld-courses.default\">\n\t\t\t\t<div class=\"elementor-widget-container\">\n\t\t\t\t\t<div id=\"learndash-content\" class=\"learndash-course-list learndash-course-list--elementor learndash-course-list--classic noTitle noCourseNavigation learndash-course-list--featured noMeta noExcerpt\">\n\t<form data-current_page_url=\"https:\/\/cursosgdp.serviciosgdp.com\/en\/ventas-y-atencion-al-cliente\/\" id=\"bb-courses-directory-form\" class=\"bb-elementor-widget bb-courses-directory\" method=\"get\" action=\"\" data-trp-original-action=\"\">\n\n\n\t\t\t\t\t<input type=\"hidden\" name=\"current_page\" value=\"1\">\n\t\t\t<div class=\"flex align-items-center bb-courses-header\">\n\t\t\t\t\t\t\t\t<\/div>\n\t\t\n\t\t<div class=\"ld-secondary-header\">\n\t\t\t<div class=\"bb-secondary-list-tabs flex align-items-center\" id=\"subnav\" aria-label=\"Members directory secondary navigation\" role=\"navigation\">\n\n\t\t\t\t<input type=\"hidden\" id=\"course-order\" name=\"order\" value=\"desc\"\/>\n\t\t\t\t<input type=\"hidden\" id=\"post-per-page\" name=\"posts_per_page\" value=\"3\"\/>\n\t\t\t\t<input type=\"hidden\" id=\"current-page\" name=\"current_page\" value=\"1\"\/>\n\n\t\t\t\t<div class=\"sfwd-courses-filters flex push-right\">\n\t\t\t\t\t<div class=\"select-wrap hide\">\n\t\t\t\t\t\t<select id=\"sfwd_prs-order-by\" name=\"orderby\" aria-label=\"Order by\">\n\t\t\t\t\t\t\t<option value='alphabetical'  selected='selected'>Alphabetical<\/option><option value='recent' >Newly Created<\/option>\t\t\t\t\t\t<\/select>\n\t\t\t\t\t<\/div>\n\n\t\t\t\t\t\t\t\t\t\t\t\t<input type=\"hidden\" name=\"filter-block-categories\" value=\"113\"\/>\n\t\t\t\t\t\t\t\n\t\t\t\t\t<div class=\"select-wrap hide\">\n\t\t\t\t\t\t<select id=\"sfwd_instructors-order-by\" name=\"filter-instructors\" aria-label=\"Filter by instructor\">\n\t\t\t\t\t\t\t<option value='all'>All Instructors<\/option><option value='586' >Alexis Zavala<\/option><option value='583' >Angel Villasmil<\/option><option value='581' >Antonio Borges<\/option><option value='585' >Carlos Castro<\/option><option value='579' >Carmen Virginia Ramos<\/option><option value='575' >Cecilia Osio<\/option><option value='584' >David Villalobos<\/option><option value='576' >Dorgelis Alcocer<\/option><option value='582' >Douglas Ferrer<\/option><option value='1' >Edda Suarez<\/option><option value='563' >Eibor Lucena<\/option><option value='562' >Hernan Leon<\/option><option value='570' >Manuel Sandoval<\/option><option value='564' >Marco Antunez<\/option><option value='568' >Omer Moreno<\/option><option value='587' >Trino Romero<\/option><option value='578' >Yajaira Ramos<\/option>\t\t\t\t\t\t<\/select>\n\t\t\t\t\t<\/div>\n\t\t\t\t<\/div>\n\n\t\t\t\t<div class=\"grid-filters hide\" data-view=\"ld-course\">\n\t\t\t\t\t<a href=\"#\" class=\"layout-view layout-view-course layout-grid-view bp-tooltip active\" data-view=\"grid\" data-bp-tooltip-pos=\"up\" data-bp-tooltip=\"Grid View\" aria-label=\"Grid View\">\n\t\t\t\t\t\t<i class=\"dashicons dashicons-screenoptions\" aria-hidden=\"true\"><\/i>\n\t\t\t\t\t<\/a>\n\n\t\t\t\t\t<a href=\"#\" class=\"layout-view layout-view-course layout-list-view bp-tooltip\" data-view=\"list\" data-bp-tooltip-pos=\"up\" data-bp-tooltip=\"List View\" aria-label=\"List View\">\n\t\t\t\t\t\t<i class=\"dashicons dashicons-menu\" aria-hidden=\"true\"><\/i>\n\t\t\t\t\t<\/a>\n\t\t\t\t<\/div>\n\t\t\t<\/div>\n\t\t<\/div>\n\n\t\t<div class=\"grid-view bb-grid grid-box-\">\n\n\t\t\t<div id=\"course-dir-list\" class=\"course-dir-list bs-dir-list columns-3 course-dir-list--media course-dir-list--hidestatus\">\n\t\t\t\t\t\t\t\t\t<ul class=\"bb-card-list bb-course-items list-view bb-list hide\" aria-live=\"assertive\" aria-relevant=\"all\">\n\t\t\t\t\t\t\n<li class=\"bb-course-item-wrap\">\n\n\t<div class=\"bb-cover-list-item bb-course-paid\">\n\t\t<div class=\"bb-course-cover\">\n\t\t\t<a title=\"T\u00e9cnicas de Ventas\" href=\"https:\/\/cursosgdp.serviciosgdp.com\/en\/Courses\/tecnicas-de-ventas\/\" class=\"bb-cover-wrap\">\n\t\t\t\t<div class=\"ld-status ld-status-incomplete ld-third-background\">Not Enrolled<\/div>\n\t\t\t\t<img decoding=\"async\" width=\"300\" height=\"169\" src=\"https:\/\/cursosgdp.serviciosgdp.com\/wp-content\/uploads\/Tecnicas-de-Ventas-Banner-Pequeno-Plat.-Elearning-1-300x169.png\" class=\"attachment-medium size-medium wp-post-image\" alt=\"\" srcset=\"https:\/\/cursosgdp.serviciosgdp.com\/wp-content\/uploads\/Tecnicas-de-Ventas-Banner-Pequeno-Plat.-Elearning-1-300x169.png 300w, https:\/\/cursosgdp.serviciosgdp.com\/wp-content\/uploads\/Tecnicas-de-Ventas-Banner-Pequeno-Plat.-Elearning-1-18x10.png 18w, https:\/\/cursosgdp.serviciosgdp.com\/wp-content\/uploads\/Tecnicas-de-Ventas-Banner-Pequeno-Plat.-Elearning-1-624x351.png 624w, https:\/\/cursosgdp.serviciosgdp.com\/wp-content\/uploads\/Tecnicas-de-Ventas-Banner-Pequeno-Plat.-Elearning-1.png 768w\" sizes=\"(max-width: 300px) 100vw, 300px\" \/>\t\t\t<\/a>\n\t\t<\/div>\n\n\t\t<div class=\"bb-card-course-details bb-card-course-details--noAccess\">\n\t\t\t<div class=\"course-lesson-count\">5 Lecciones<\/div>\t\t\t<h2 class=\"bb-course-title\">\n\t\t\t\t<a title=\"T\u00e9cnicas de Ventas\" href=\"https:\/\/cursosgdp.serviciosgdp.com\/en\/Courses\/tecnicas-de-ventas\/\">T\u00e9cnicas de Ventas<\/a>\n\t\t\t<\/h2>\n\n\t\t\t\n\t\t\t\n\t\t\t<div class=\"bb-course-excerpt\">\n\t\t\t\t<p><span style=\"font-weight: 400\">Impartir conocimientos, t\u00e9cnicas y herramientas te\u00f3ricas \u2013 pr\u00e1cticas que le permitan a los vendedores fortalecer sus habilidades para satisfacer adecuadamente a sus clientes, conocer y manejar asertivamente sus emociones, las de sus clientes y las objeciones que estos puedan tener dentro del proceso de ventas.<\/span><\/p>\t\t\t<\/div>\n\n\t\t\t\t\t\t\t<div class=\"bb-course-footer bb-course-pay\">\n\t\t\t\t<span class=\"course-fee\">\n\t\t\t\t\t\t<span class=\"ld-currency\">$<\/span> 45\t\t\t\t\t<\/span>\n\t\t\t\t<\/div>\n\t\t\t\t\t\t<\/div>\n\t<\/div>\n<\/li>\n\t\t\t\t\t<\/ul>\n\n\t\t\t\t\t<ul class=\"bb-card-list bb-course-items grid-view bb-grid\" aria-live=\"assertive\" aria-relevant=\"all\">\n\t\t\t\t\t\t\n<li class=\"bb-course-item-wrap\">\n\n\t<div class=\"bb-cover-list-item bb-course-paid\">\n\t\t<div class=\"bb-course-cover\">\n\t\t\t<a title=\"T\u00e9cnicas de Ventas\" href=\"https:\/\/cursosgdp.serviciosgdp.com\/en\/Courses\/tecnicas-de-ventas\/\" class=\"bb-cover-wrap\">\n\t\t\t\t<div class=\"ld-status ld-status-incomplete ld-third-background\">Not Enrolled<\/div>\n\t\t\t\t<img decoding=\"async\" width=\"300\" height=\"169\" src=\"https:\/\/cursosgdp.serviciosgdp.com\/wp-content\/uploads\/Tecnicas-de-Ventas-Banner-Pequeno-Plat.-Elearning-1-300x169.png\" class=\"attachment-medium size-medium wp-post-image\" alt=\"\" srcset=\"https:\/\/cursosgdp.serviciosgdp.com\/wp-content\/uploads\/Tecnicas-de-Ventas-Banner-Pequeno-Plat.-Elearning-1-300x169.png 300w, https:\/\/cursosgdp.serviciosgdp.com\/wp-content\/uploads\/Tecnicas-de-Ventas-Banner-Pequeno-Plat.-Elearning-1-18x10.png 18w, https:\/\/cursosgdp.serviciosgdp.com\/wp-content\/uploads\/Tecnicas-de-Ventas-Banner-Pequeno-Plat.-Elearning-1-624x351.png 624w, https:\/\/cursosgdp.serviciosgdp.com\/wp-content\/uploads\/Tecnicas-de-Ventas-Banner-Pequeno-Plat.-Elearning-1.png 768w\" sizes=\"(max-width: 300px) 100vw, 300px\" \/>\t\t\t<\/a>\n\t\t<\/div>\n\n\t\t<div class=\"bb-card-course-details bb-card-course-details--noAccess\">\n\t\t\t<div class=\"course-lesson-count\">5 Lecciones<\/div>\t\t\t<h2 class=\"bb-course-title\">\n\t\t\t\t<a title=\"T\u00e9cnicas de Ventas\" href=\"https:\/\/cursosgdp.serviciosgdp.com\/en\/Courses\/tecnicas-de-ventas\/\">T\u00e9cnicas de Ventas<\/a>\n\t\t\t<\/h2>\n\n\t\t\t\n\t\t\t\n\t\t\t<div class=\"bb-course-excerpt\">\n\t\t\t\t<p><span style=\"font-weight: 400\">Impartir conocimientos, t\u00e9cnicas y herramientas te\u00f3ricas \u2013 pr\u00e1cticas que le permitan a los vendedores fortalecer sus habilidades para satisfacer adecuadamente a sus clientes, conocer y manejar asertivamente sus emociones, las de sus clientes y las objeciones que estos puedan tener dentro del proceso de ventas.<\/span><\/p>\t\t\t<\/div>\n\n\t\t\t\t\t\t\t<div class=\"bb-course-footer bb-course-pay\">\n\t\t\t\t<span class=\"course-fee\">\n\t\t\t\t\t\t<span class=\"ld-currency\">$<\/span> 45\t\t\t\t\t<\/span>\n\t\t\t\t<\/div>\n\t\t\t\t\t\t<\/div>\n\t<\/div>\n<\/li>\n\t\t\t\t\t<\/ul>\n\t\t\t\t\t\t\t\t\t\t\t<div class=\"bb-lms-pagination all noPrevNext\">\n\t\t\t\t\t\t\t\t\t\t\t\t\t<\/div>\n\t\t\t\t\t\t\t\t\t\t\t\t\t<\/div>\n\t\t<\/div>\n\t<input type=\"hidden\" name=\"trp-form-language\" value=\"en\"\/><\/form>\n<\/div>\n\t\t\t\t<\/div>\n\t\t\t\t<\/div>\n\t\t\t\t\t<\/div>\n\t\t<\/div>\n\t\t\t\t\t<\/div>\n\t\t<\/section>\n\t\t\t\t<\/div>","protected":false},"excerpt":{"rendered":"<p>Todos los cursos Nuevos Cursos Reg\u00edstrate ahora es gratuito y obt\u00e9n un 10% de descuento en TODOS nuestros cursos en tu primerasuscripci\u00f3n REG\u00cdSTRATE Categor\u00edas AlphabeticalNewly&hellip;<\/p>","protected":false},"author":577,"featured_media":0,"parent":0,"menu_order":0,"comment_status":"closed","ping_status":"closed","template":"elementor_header_footer","meta":{"footnotes":""},"class_list":["post-13017","page","type-page","status-publish","hentry"],"_links":{"self":[{"href":"https:\/\/cursosgdp.serviciosgdp.com\/en\/wp-json\/wp\/v2\/pages\/13017","targetHints":{"allow":["GET"]}}],"collection":[{"href":"https:\/\/cursosgdp.serviciosgdp.com\/en\/wp-json\/wp\/v2\/pages"}],"about":[{"href":"https:\/\/cursosgdp.serviciosgdp.com\/en\/wp-json\/wp\/v2\/types\/page"}],"author":[{"embeddable":true,"href":"https:\/\/cursosgdp.serviciosgdp.com\/en\/wp-json\/wp\/v2\/users\/577"}],"replies":[{"embeddable":true,"href":"https:\/\/cursosgdp.serviciosgdp.com\/en\/wp-json\/wp\/v2\/comments?post=13017"}],"version-history":[{"count":34,"href":"https:\/\/cursosgdp.serviciosgdp.com\/en\/wp-json\/wp\/v2\/pages\/13017\/revisions"}],"predecessor-version":[{"id":21387,"href":"https:\/\/cursosgdp.serviciosgdp.com\/en\/wp-json\/wp\/v2\/pages\/13017\/revisions\/21387"}],"wp:attachment":[{"href":"https:\/\/cursosgdp.serviciosgdp.com\/en\/wp-json\/wp\/v2\/media?parent=13017"}],"curies":[{"name":"wp","href":"https:\/\/api.w.org\/{rel}","templated":true}]}}